    {"id":3538,"date":"2019-01-11T12:41:41","date_gmt":"2019-01-11T11:41:41","guid":{"rendered":"http:\/\/www.tecnicart.it\/?page_id=3538"},"modified":"2019-02-25T11:28:27","modified_gmt":"2019-02-25T10:28:27","slug":"privacy","status":"publish","type":"page","link":"https:\/\/www.tecnicart.it\/?page_id=3538","title":{"rendered":"Privacy"},"content":{"rendered":"<p>[vc_row][vc_column][vc_column_text]<strong>TECNICART S.R.L.<\/strong>\u00a0in qualit\u00e0 di Titolare del Trattamento rende agli utenti che consultano e\/o interagiscono con il presente sito l\u2019informativa sul trattamento dei dati personali relativi a soggetti identificati o identificabili, ai sensi dell\u2019art. art. 4. par. 1, n. 7 GDPR, Reg. UE 679\/2016 materia di protezione dei dati personali, e successivo D.Lgs. 101\/2018 ed illustra le modalit\u00e0 di gestione del sito.<\/p>\n<p><strong>LUOGO DI TRATTAMENTO DEI DATI<\/strong><br \/>\nI trattamenti connessi ai servizi web di questo sito hanno luogo presso la sede aziendale e sono curati da personale tecnico dell\u2019ufficio incaricato del trattamento, oppure da eventuali incaricati di occasionali operazioni di manutenzione. I trattamenti possono aver luogo anche presso societ\u00e0 esterne che raccolgono dati relativi agli accessi e alla navigazione all\u2019interno del sito per permettere il funzionamento dei servizi e delle sezioni che richiedono l\u2019identificazione dell\u2019utente e utilizza le informazioni raccolte per l\u2019amministrazione tecnica del sito e per eventuali analisi statistiche circa l\u2019utilizzo del sito stesso.<br \/>\nI dati personali forniti dagli utenti che inoltrano richieste di invio di materiale informativo (cataloghi, risposte a quesiti, richieste di contatto) sono utilizzati al solo fine di eseguire il servizio o la prestazione richiesta e sono comunicati a terzi nel solo caso in cui ci\u00f2 sia a tal fine necessario (es. servizio di spedizione del materiale sopra citato). La lista completa degli incaricati \u00e8 comunque consultabile inviando e-mail all\u2019indirizzo di posta elettronica amministrazione@tecnicart.it.<br \/>\nIl Titolare non raccoglie deliberatamente, attraverso il sito, dati personali particolari o giudiziari.<\/p>\n<p>I Dati particolari includono i dati personali idonei a rivelare l&amp;#39;origine razziale ed etnica, le convinzioni religiose, filosofiche o di altro genere, le opinioni politiche, l&amp;#39;adesione a partiti, sindacati, associazioni od organizzazioni a carattere religioso, filosofico, politico o sindacale, nonch\u00e9 i dati personali idonei a rivelare lo stato di salute e la vita sessuale.<\/p>\n<p>I dati giudiziari, sempre ai sensi dell&amp;#39;art. 4 del Codice, includono i dati personali idonei a rivelare provvedimenti di cui all&amp;#39;articolo 3, comma 1, lettere da a) a o) e da r) a u), del<br \/>\nD.P.R. 14 novembre 2002, n. 313, in materia di casellario giudiziale, di anagrafe delle sanzioni amministrative dipendenti da reato e dei relativi carichi pendenti, o la qualit\u00e0 di imputato o di indagato ai sensi degli articoli 60 e 61 del codice di procedura penale. Vi raccomandiamo di non fornire tali informazioni attraverso il Sito.<\/p>\n<p>Nel caso in cui ci\u00f2 sia necessario (ad esempio per il caso di appartenenza a categorie protette in caso di invio di curriculum vitae a fini di assunzione, in risposta ad un annuncio di lavoro o nel caso di manifestazione di interesse a lavorare nell&amp;#39;Azienda) vi invitiamo a trasmetterci a mezzo lettera raccomandata dichiarazione con l&amp;#39;espressione del Vs consenso in forma scritta al trattamento di queste informazioni.<\/p>\n<p><strong>TIPI DI DATI TRATTATI<\/strong><br \/>\nDati di navigazione<\/p>\n<p>I sistemi informatici e le procedure software preposte al funzionamento di questo sito web acquisiscono, nel corso del loro normale esercizio, alcuni dati personali la cui trasmissione \u00e8 implicita nell\u2019uso dei protocolli di comunicazione di Internet. Si tratta di informazioni che non sono raccolte per essere associate a interessati identificati, ma che per loro stessa natura potrebbero, attraverso elaborazioni ed associazioni con dati detenuti da terzi, permettere di identificare gli utenti.<\/p>\n<p>In questa categoria di dati rientrano gli indirizzi IP o i nomi a dominio dei computer utilizzati dagli utenti che si connettono al sito, gli indirizzi in notazione URI (Uniform Resource Identifier) delle risorse richieste, l\u2019orario della richiesta, il metodo utilizzato nel sottoporre la richiesta al server, la dimensione del file ottenuto in risposta, il codice numerico indicante lo stato della risposta data dal server (buon fine, errore, ecc.) ed altri parametri relativi al sistema operativo e all\u2019ambiente informatico dell\u2019utente.<br \/>\nQuesti dati vengono utilizzati al solo fine di ricavare informazioni statistiche anonime sull\u2019uso del sito e per controllarne il corretto funzionamento e vengono cancellati immediatamente dopo l\u2019elaborazione.<\/p>\n<p>I dati potrebbero essere utilizzati per l\u2019accertamento di responsabilit\u00e0 in caso di ipotetici reati informatici ai danni del sito: salva questa eventualit\u00e0, allo stato i dati sui contatti web non persistono per pi\u00f9 di sette giorni.<\/p>\n<p>Dati forniti volontariamente dall\u2019utente l\u2019invio facoltativo, esplicito e volontario di posta elettronica agli indirizzi indicati su questo sito comporta la successiva acquisizione dell\u2019indirizzo del mittente, necessario per rispondere alle richieste, nonch\u00e9 degli eventuali altri dati personali inseriti nella missiva.<br \/>\nSpecifiche informative di sintesi verranno progressivamente riportate o visualizzate nelle pagine del sito predisposte per particolari servizi e\/o finalit\u00e0 di trattamenti, e, ove necessario sono presenti anche richieste espresse di consenso.<\/p>\n<p><strong>COOKIES<\/strong><br \/>\nL\u2019informativa relativa ai Cookie \u00e8 a\u00a0questo indirizzo.<\/p>\n<p><strong>FACOLTATIVITA\u2019 DEL CONFERIMENTO DEI DATI<\/strong><br \/>\nA parte quanto specificato per i dati di navigazione, l\u2019utente \u00e8 libero di fornire i dati personali riportati nei moduli di richiesta o comunque indicati in contatti con l\u2019Ufficio per sollecitare l\u2019invio di materiale informativo o di altre comunicazioni. Il loro mancato conferimento pu\u00f2 comportare l\u2019impossibilit\u00e0 di ottenere quanto richiesto.<\/p>\n<p><strong>MODALITA\u2019 DI TRATTAMENTO DEI DATI<\/strong><br \/>\nI dati personali sono trattati con modalit\u00e0 cartacee, informatiche e con strumenti automatizzati per il tempo strettamente necessario a conseguire gli scopi per cui sono stati raccolti. Specifiche misure di sicurezza sono osservate per prevenire la perdita dei dati, usi illeciti o non corretti ed accessi non<br \/>\nautorizzati.<\/p>\n<p><strong>MISURE DI SICUREZZA DEL SITO<\/strong><br \/>\nPer la gestione del sito sono state adottate specifiche misure di sicurezza, dirette a garantire l\u2019accesso sicuro dell\u2019utente ed a tutelare le informazioni contenute nello stesso sito da rischi di perdita o distruzione anche accidentale. Il software antivirus utilizzato nella gestione del sito viene aggiornato con periodicit\u00e0 al fine di evitare perdite di dati dovute all\u2019azione di virus informatici.<\/p>\n<p>Si ricorda inoltre che pur garantendo al suo interno l\u2019adozione di appositi sistemi antivirus, oltre ad essere un obbligo di legge, \u00e8 opportuno per l\u2019utente dotare la propria stazione di lavoro di un sistema di prevenzione e scansione contro l\u2019attacco di virus informatici.<\/p>\n<p>Per l\u2019accesso alla parte riservata del sito vengono assegnati alle imprese che ne fanno richiesta un codice identificativo ed una password; tali passwords sono generate in modo da non contenere riferimenti agevolmente riconducibili all\u2019associato, al fine di evitare possibili abusi.<\/p>\n<p>L\u2019utente \u00e8 tenuto a custodire la propria password in modo riservato.<\/p>\n<p><strong>I VOSTRI DIRITTI<\/strong><br \/>\nSi ricorda che Lei ha diritto di esercitare le facolt\u00e0 previste agli articoli 15-22 del Reg. Europeo 679\/2016.<\/p>\n<p>In particolare, ha diritto di revocare il proprio consenso in qualsiasi momento e, dietro semplice richiesta alla Titolare del trattamento, ovvero all\u2019eventuale responsabile del trattamento, inviando specifica mail all\u2019indirizzo amministrazione@tecnicart.it potr\u00e0 chiedere l\u2019accesso ai dati personali, ricevere i dati personali forniti al Titolare e trasmetterli ad un altro Titolare del trattamento senza impedimenti (c.d. portabilit\u00e0), ottenere l\u2019aggiornamento, la limitazione del trattamento, la rettificazione dei dati e la cancellazione di quelli trattati in difformit\u00e0 dalla normativa vigente.<br \/>\nDa ultimo Le ricordo che ha diritto, per motivi legittimi, di opporsi al trattamento dei dati personali che la riguardano ed al trattamento per fini di invio di materiale pubblicitario, di vendita diretta e per il compimento di ricerche di mercato. Ha altres\u00ec diritto a proporre reclamo ad una autorit\u00e0 di controllo.<\/p>\n<p><strong>PROCESSO DECISIONALE AUTOMATIZZATO<\/strong><br \/>\nSi informa altres\u00ec che non \u00e8 presente un processo decisionale automatizzato.[\/vc_column_text][\/vc_column][\/vc_row]<\/p>\n","protected":false},"excerpt":{"rendered":"<p>[vc_row][vc_column][vc_column_text]TECNICART S.R.L.\u00a0in qualit\u00e0 di Titolare del Trattamento rende agli utenti che consultano e\/o interagiscono con il presente sito l\u2019informativa sul trattamento dei dati personali relativi a soggetti identificati o identificabili, ai sensi dell\u2019art. art. 4. par. 1, n. 7 GDPR, [&hellip;]<\/p>\n","protected":false},"author":2,"featured_media":0,"parent":0,"menu_order":0,"comment_status":"closed","ping_status":"closed","template":"","meta":[],"yoast_head":"<!-- This site is optimized with the Yoast SEO plugin v20.6 - https:\/\/yoast.com\/wordpress\/plugins\/seo\/ -->\n<title>Privacy | TECNICART SRL | Un mondo di possibilit\u00e0<\/title>\n<meta name=\"robots\" content=\"index, follow, max-snippet:-1, max-image-preview:large, max-video-preview:-1\" \/>\n<link rel=\"canonical\" href=\"https:\/\/www.tecnicart.it\/?page_id=3538\" \/>\n<meta property=\"og:locale\" content=\"it_IT\" \/>\n<meta property=\"og:type\" content=\"article\" \/>\n<meta property=\"og:title\" content=\"Privacy | TECNICART SRL | Un mondo di possibilit\u00e0\" \/>\n<meta property=\"og:description\" content=\"[vc_row][vc_column][vc_column_text]TECNICART S.R.L.\u00a0in qualit\u00e0 di Titolare del Trattamento rende agli utenti che consultano e\/o interagiscono con il presente sito l\u2019informativa sul trattamento dei dati personali relativi a soggetti identificati o identificabili, ai sensi dell\u2019art. art. 4. par. 1, n. 7 GDPR, [&hellip;]\" \/>\n<meta property=\"og:url\" content=\"https:\/\/www.tecnicart.it\/?page_id=3538\" \/>\n<meta property=\"og:site_name\" content=\"TECNICART SRL | Un mondo di possibilit\u00e0\" \/>\n<meta property=\"article:modified_time\" content=\"2019-02-25T10:28:27+00:00\" \/>\n<meta name=\"twitter:card\" content=\"summary_large_image\" \/>\n<meta name=\"twitter:label1\" content=\"Tempo di lettura stimato\" \/>\n\t<meta name=\"twitter:data1\" content=\"6 minuti\" \/>\n<script type=\"application\/ld+json\" class=\"yoast-schema-graph\">{\"@context\":\"https:\/\/schema.org\",\"@graph\":[{\"@type\":\"WebPage\",\"@id\":\"https:\/\/www.tecnicart.it\/?page_id=3538\",\"url\":\"https:\/\/www.tecnicart.it\/?page_id=3538\",\"name\":\"Privacy | TECNICART SRL | Un mondo di possibilit\u00e0\",\"isPartOf\":{\"@id\":\"https:\/\/www.tecnicart.it\/#website\"},\"datePublished\":\"2019-01-11T11:41:41+00:00\",\"dateModified\":\"2019-02-25T10:28:27+00:00\",\"breadcrumb\":{\"@id\":\"https:\/\/www.tecnicart.it\/?page_id=3538#breadcrumb\"},\"inLanguage\":\"it-IT\",\"potentialAction\":[{\"@type\":\"ReadAction\",\"target\":[\"https:\/\/www.tecnicart.it\/?page_id=3538\"]}]},{\"@type\":\"BreadcrumbList\",\"@id\":\"https:\/\/www.tecnicart.it\/?page_id=3538#breadcrumb\",\"itemListElement\":[{\"@type\":\"ListItem\",\"position\":1,\"name\":\"Home\",\"item\":\"https:\/\/www.tecnicart.it\/\"},{\"@type\":\"ListItem\",\"position\":2,\"name\":\"Privacy\"}]},{\"@type\":\"WebSite\",\"@id\":\"https:\/\/www.tecnicart.it\/#website\",\"url\":\"https:\/\/www.tecnicart.it\/\",\"name\":\"TECNICART SRL | Un mondo di possibilit\u00e0\",\"description\":\"Il partner per i tuoi imballaggi dal 1954\",\"potentialAction\":[{\"@type\":\"SearchAction\",\"target\":{\"@type\":\"EntryPoint\",\"urlTemplate\":\"https:\/\/www.tecnicart.it\/?s={search_term_string}\"},\"query-input\":\"required name=search_term_string\"}],\"inLanguage\":\"it-IT\"}]}<\/script>\n<!-- \/ Yoast SEO plugin. -->","yoast_head_json":{"title":"Privacy | TECNICART SRL | Un mondo di possibilit\u00e0","robots":{"index":"index","follow":"follow","max-snippet":"max-snippet:-1","max-image-preview":"max-image-preview:large","max-video-preview":"max-video-preview:-1"},"canonical":"https:\/\/www.tecnicart.it\/?page_id=3538","og_locale":"it_IT","og_type":"article","og_title":"Privacy | TECNICART SRL | Un mondo di possibilit\u00e0","og_description":"[vc_row][vc_column][vc_column_text]TECNICART S.R.L.\u00a0in qualit\u00e0 di Titolare del Trattamento rende agli utenti che consultano e\/o interagiscono con il presente sito l\u2019informativa sul trattamento dei dati personali relativi a soggetti identificati o identificabili, ai sensi dell\u2019art. art. 4. par. 1, n. 7 GDPR, [&hellip;]","og_url":"https:\/\/www.tecnicart.it\/?page_id=3538","og_site_name":"TECNICART SRL | Un mondo di possibilit\u00e0","article_modified_time":"2019-02-25T10:28:27+00:00","twitter_card":"summary_large_image","twitter_misc":{"Tempo di lettura stimato":"6 minuti"},"schema":{"@context":"https:\/\/schema.org","@graph":[{"@type":"WebPage","@id":"https:\/\/www.tecnicart.it\/?page_id=3538","url":"https:\/\/www.tecnicart.it\/?page_id=3538","name":"Privacy | TECNICART SRL | Un mondo di possibilit\u00e0","isPartOf":{"@id":"https:\/\/www.tecnicart.it\/#website"},"datePublished":"2019-01-11T11:41:41+00:00","dateModified":"2019-02-25T10:28:27+00:00","breadcrumb":{"@id":"https:\/\/www.tecnicart.it\/?page_id=3538#breadcrumb"},"inLanguage":"it-IT","potentialAction":[{"@type":"ReadAction","target":["https:\/\/www.tecnicart.it\/?page_id=3538"]}]},{"@type":"BreadcrumbList","@id":"https:\/\/www.tecnicart.it\/?page_id=3538#breadcrumb","itemListElement":[{"@type":"ListItem","position":1,"name":"Home","item":"https:\/\/www.tecnicart.it\/"},{"@type":"ListItem","position":2,"name":"Privacy"}]},{"@type":"WebSite","@id":"https:\/\/www.tecnicart.it\/#website","url":"https:\/\/www.tecnicart.it\/","name":"TECNICART SRL | Un mondo di possibilit\u00e0","description":"Il partner per i tuoi imballaggi dal 1954","potentialAction":[{"@type":"SearchAction","target":{"@type":"EntryPoint","urlTemplate":"https:\/\/www.tecnicart.it\/?s={search_term_string}"},"query-input":"required name=search_term_string"}],"inLanguage":"it-IT"}]}},"_links":{"self":[{"href":"https:\/\/www.tecnicart.it\/index.php?rest_route=\/wp\/v2\/pages\/3538"}],"collection":[{"href":"https:\/\/www.tecnicart.it\/index.php?rest_route=\/wp\/v2\/pages"}],"about":[{"href":"https:\/\/www.tecnicart.it\/index.php?rest_route=\/wp\/v2\/types\/page"}],"author":[{"embeddable":true,"href":"https:\/\/www.tecnicart.it\/index.php?rest_route=\/wp\/v2\/users\/2"}],"replies":[{"embeddable":true,"href":"https:\/\/www.tecnicart.it\/index.php?rest_route=%2Fwp%2Fv2%2Fcomments&post=3538"}],"version-history":[{"count":3,"href":"https:\/\/www.tecnicart.it\/index.php?rest_route=\/wp\/v2\/pages\/3538\/revisions"}],"predecessor-version":[{"id":3699,"href":"https:\/\/www.tecnicart.it\/index.php?rest_route=\/wp\/v2\/pages\/3538\/revisions\/3699"}],"wp:attachment":[{"href":"https:\/\/www.tecnicart.it\/index.php?rest_route=%2Fwp%2Fv2%2Fmedia&parent=3538"}],"curies":[{"name":"wp","href":"https:\/\/api.w.org\/{rel}","templated":true}]}}