    {"id":3302,"date":"2018-12-13T10:54:51","date_gmt":"2018-12-13T09:54:51","guid":{"rendered":"http:\/\/www.tecnicart.it\/?page_id=3302"},"modified":"2022-10-10T12:32:01","modified_gmt":"2022-10-10T10:32:01","slug":"carta-ondulata-in-fogli","status":"publish","type":"page","link":"https:\/\/www.tecnicart.it\/?page_id=3302","title":{"rendered":"Carta ondulata in fogli"},"content":{"rendered":"<p>[vc_row][vc_column width=&#8221;1\/4&#8243;][vc_single_image image=&#8221;3548&#8243; img_size=&#8221;400&#215;400&#8243; alignment=&#8221;center&#8221; style=&#8221;vc_box_rounded&#8221;][\/vc_column][vc_column width=&#8221;3\/4&#8243;][vc_empty_space height=&#8221;10px&#8221;]<div class=\"edgtf-section-title-holder  edgtf-st-standard edgtf-st-title-left edgtf-st-normal-space  \" >\n\t<div class=\"edgtf-st-inner\">\n\t\t\t\t\t<h2 class=\"edgtf-st-title\" >\n\t\t\t\tCarta ondulata in fogli !!! NEWS !!!\t\t\t<\/h2>\n\t\t        \t\t\t\t\t<p class=\"edgtf-st-text\" >\n\t\t\t\tTecnicart con i suoi 30 anni di esperienza nella produzione della carta ondulata in rotoli, nel 2011 si inserisce nel mercato della carta ondulata in formati per il mondo delle cartotecniche.<\/br><br \/>\nNel 2021 avvia finalmente un nuovo impianto, una linea tecnologicamente al top che la posiziona tra i primi fornitori in Italia.<\/br>Il processo di produzione \u00e8 interamente automatizzato, compresa la pallettizzazione.<\/br><br \/>\nIn pochissimi anni Tecnicart \u00e8 riuscita a farsi un nome in questo settore ed \u00e8 riconosciuta in tutta Italia, anche all'estero, come fornitore di un prodotto di alta qualit\u00e0, che offre un servizio puntuale ed efficiente. <\/br>La politica e mentalit\u00e0 di Tecnicart \u00e8 &quot;Massima attenzione alla qualit\u00e0 della materia prima e consapevolezza delle esigenze del cliente&quot;. <\/br><br \/>\nTecnicart ha selezionato le migliori carte che offre il territorio nazionale, garantendo cos\u00ec ai suoi clienti un prodotto di altissima qualit\u00e0. <\/br>Con l\u2019esperienza acquisita negli anni Tecnicart \u00e8 capace di anticipare e risolvere tutte le criticit\u00e0 della fase di accoppiaggio e fustellatura avendo, Tecnicart stessa, un\u2019accoppiatrice e un piccolo reparto cartotecnico. <\/br><br \/>\nI profili di onda offerti a partire da gennaio 2023:<\/br><br \/>\n- Micro-onda scoperta (E);<\/br><br \/>\n- Onda bassa scoperta (B);<\/br><br \/>\n- Onda alta scoperta (C); NEW!!!<\/br><br \/>\n- Onda (F). NEW!!!<\/br><br \/>\n\t\t\t<\/p>\n\t\t\t<\/div>\n<\/div>[vc_empty_space height=&#8221;98px&#8221;][\/vc_column][\/vc_row]<\/p>\n","protected":false},"excerpt":{"rendered":"<p>[vc_row][vc_column width=&#8221;1\/4&#8243;][vc_single_image image=&#8221;3548&#8243; img_size=&#8221;400&#215;400&#8243; alignment=&#8221;center&#8221; style=&#8221;vc_box_rounded&#8221;][\/vc_column][vc_column width=&#8221;3\/4&#8243;][vc_empty_space height=&#8221;10px&#8221;][vc_empty_space height=&#8221;98px&#8221;][\/vc_column][\/vc_row]<\/p>\n","protected":false},"author":2,"featured_media":0,"parent":0,"menu_order":0,"comment_status":"closed","ping_status":"closed","template":"","meta":[],"yoast_head":"<!-- This site is optimized with the Yoast SEO plugin v20.6 - https:\/\/yoast.com\/wordpress\/plugins\/seo\/ -->\n<title>Carta ondulata in fogli | TECNICART SRL | Un mondo di possibilit\u00e0<\/title>\n<meta name=\"description\" content=\"La carta ondulata in fogli \u00e8 un semilavorato che viene accoppiato al variegato e complesso mondo della stampa.\" \/>\n<meta name=\"robots\" content=\"index, follow, max-snippet:-1, max-image-preview:large, max-video-preview:-1\" \/>\n<link rel=\"canonical\" href=\"https:\/\/www.tecnicart.it\/?page_id=3302\" \/>\n<meta property=\"og:locale\" content=\"it_IT\" \/>\n<meta property=\"og:type\" content=\"article\" \/>\n<meta property=\"og:title\" content=\"Carta ondulata in fogli | TECNICART SRL | Un mondo di possibilit\u00e0\" \/>\n<meta property=\"og:description\" content=\"La carta ondulata in fogli \u00e8 un semilavorato che viene accoppiato al variegato e complesso mondo della stampa.\" \/>\n<meta property=\"og:url\" content=\"https:\/\/www.tecnicart.it\/?page_id=3302\" \/>\n<meta property=\"og:site_name\" content=\"TECNICART SRL | Un mondo di possibilit\u00e0\" \/>\n<meta property=\"article:modified_time\" content=\"2022-10-10T10:32:01+00:00\" \/>\n<meta name=\"twitter:card\" content=\"summary_large_image\" \/>\n<meta name=\"twitter:label1\" content=\"Tempo di lettura stimato\" \/>\n\t<meta name=\"twitter:data1\" content=\"1 minuto\" \/>\n<script type=\"application\/ld+json\" class=\"yoast-schema-graph\">{\"@context\":\"https:\/\/schema.org\",\"@graph\":[{\"@type\":\"WebPage\",\"@id\":\"https:\/\/www.tecnicart.it\/?page_id=3302\",\"url\":\"https:\/\/www.tecnicart.it\/?page_id=3302\",\"name\":\"Carta ondulata in fogli | TECNICART SRL | Un mondo di possibilit\u00e0\",\"isPartOf\":{\"@id\":\"https:\/\/www.tecnicart.it\/#website\"},\"datePublished\":\"2018-12-13T09:54:51+00:00\",\"dateModified\":\"2022-10-10T10:32:01+00:00\",\"description\":\"La carta ondulata in fogli \u00e8 un semilavorato che viene accoppiato al variegato e complesso mondo della stampa.\",\"breadcrumb\":{\"@id\":\"https:\/\/www.tecnicart.it\/?page_id=3302#breadcrumb\"},\"inLanguage\":\"it-IT\",\"potentialAction\":[{\"@type\":\"ReadAction\",\"target\":[\"https:\/\/www.tecnicart.it\/?page_id=3302\"]}]},{\"@type\":\"BreadcrumbList\",\"@id\":\"https:\/\/www.tecnicart.it\/?page_id=3302#breadcrumb\",\"itemListElement\":[{\"@type\":\"ListItem\",\"position\":1,\"name\":\"Home\",\"item\":\"https:\/\/www.tecnicart.it\/\"},{\"@type\":\"ListItem\",\"position\":2,\"name\":\"Carta ondulata in fogli\"}]},{\"@type\":\"WebSite\",\"@id\":\"https:\/\/www.tecnicart.it\/#website\",\"url\":\"https:\/\/www.tecnicart.it\/\",\"name\":\"TECNICART SRL | Un mondo di possibilit\u00e0\",\"description\":\"Il partner per i tuoi imballaggi dal 1954\",\"potentialAction\":[{\"@type\":\"SearchAction\",\"target\":{\"@type\":\"EntryPoint\",\"urlTemplate\":\"https:\/\/www.tecnicart.it\/?s={search_term_string}\"},\"query-input\":\"required name=search_term_string\"}],\"inLanguage\":\"it-IT\"}]}<\/script>\n<!-- \/ Yoast SEO plugin. -->","yoast_head_json":{"title":"Carta ondulata in fogli | TECNICART SRL | Un mondo di possibilit\u00e0","description":"La carta ondulata in fogli \u00e8 un semilavorato che viene accoppiato al variegato e complesso mondo della stampa.","robots":{"index":"index","follow":"follow","max-snippet":"max-snippet:-1","max-image-preview":"max-image-preview:large","max-video-preview":"max-video-preview:-1"},"canonical":"https:\/\/www.tecnicart.it\/?page_id=3302","og_locale":"it_IT","og_type":"article","og_title":"Carta ondulata in fogli | TECNICART SRL | Un mondo di possibilit\u00e0","og_description":"La carta ondulata in fogli \u00e8 un semilavorato che viene accoppiato al variegato e complesso mondo della stampa.","og_url":"https:\/\/www.tecnicart.it\/?page_id=3302","og_site_name":"TECNICART SRL | Un mondo di possibilit\u00e0","article_modified_time":"2022-10-10T10:32:01+00:00","twitter_card":"summary_large_image","twitter_misc":{"Tempo di lettura stimato":"1 minuto"},"schema":{"@context":"https:\/\/schema.org","@graph":[{"@type":"WebPage","@id":"https:\/\/www.tecnicart.it\/?page_id=3302","url":"https:\/\/www.tecnicart.it\/?page_id=3302","name":"Carta ondulata in fogli | TECNICART SRL | Un mondo di possibilit\u00e0","isPartOf":{"@id":"https:\/\/www.tecnicart.it\/#website"},"datePublished":"2018-12-13T09:54:51+00:00","dateModified":"2022-10-10T10:32:01+00:00","description":"La carta ondulata in fogli \u00e8 un semilavorato che viene accoppiato al variegato e complesso mondo della stampa.","breadcrumb":{"@id":"https:\/\/www.tecnicart.it\/?page_id=3302#breadcrumb"},"inLanguage":"it-IT","potentialAction":[{"@type":"ReadAction","target":["https:\/\/www.tecnicart.it\/?page_id=3302"]}]},{"@type":"BreadcrumbList","@id":"https:\/\/www.tecnicart.it\/?page_id=3302#breadcrumb","itemListElement":[{"@type":"ListItem","position":1,"name":"Home","item":"https:\/\/www.tecnicart.it\/"},{"@type":"ListItem","position":2,"name":"Carta ondulata in fogli"}]},{"@type":"WebSite","@id":"https:\/\/www.tecnicart.it\/#website","url":"https:\/\/www.tecnicart.it\/","name":"TECNICART SRL | Un mondo di possibilit\u00e0","description":"Il partner per i tuoi imballaggi dal 1954","potentialAction":[{"@type":"SearchAction","target":{"@type":"EntryPoint","urlTemplate":"https:\/\/www.tecnicart.it\/?s={search_term_string}"},"query-input":"required name=search_term_string"}],"inLanguage":"it-IT"}]}},"_links":{"self":[{"href":"https:\/\/www.tecnicart.it\/index.php?rest_route=\/wp\/v2\/pages\/3302"}],"collection":[{"href":"https:\/\/www.tecnicart.it\/index.php?rest_route=\/wp\/v2\/pages"}],"about":[{"href":"https:\/\/www.tecnicart.it\/index.php?rest_route=\/wp\/v2\/types\/page"}],"author":[{"embeddable":true,"href":"https:\/\/www.tecnicart.it\/index.php?rest_route=\/wp\/v2\/users\/2"}],"replies":[{"embeddable":true,"href":"https:\/\/www.tecnicart.it\/index.php?rest_route=%2Fwp%2Fv2%2Fcomments&post=3302"}],"version-history":[{"count":64,"href":"https:\/\/www.tecnicart.it\/index.php?rest_route=\/wp\/v2\/pages\/3302\/revisions"}],"predecessor-version":[{"id":3309,"href":"https:\/\/www.tecnicart.it\/index.php?rest_route=\/wp\/v2\/pages\/3302\/revisions\/3309"}],"wp:attachment":[{"href":"https:\/\/www.tecnicart.it\/index.php?rest_route=%2Fwp%2Fv2%2Fmedia&parent=3302"}],"curies":[{"name":"wp","href":"https:\/\/api.w.org\/{rel}","templated":true}]}}