    {"id":3294,"date":"2018-12-13T10:34:39","date_gmt":"2018-12-13T09:34:39","guid":{"rendered":"http:\/\/www.tecnicart.it\/?page_id=3294"},"modified":"2022-10-11T08:52:35","modified_gmt":"2022-10-11T06:52:35","slug":"3294-2","status":"publish","type":"page","link":"https:\/\/www.tecnicart.it\/?page_id=3294","title":{"rendered":"Ondulato accoppiato"},"content":{"rendered":"<p>[vc_row][vc_column width=&#8221;1\/4&#8243;][vc_single_image image=&#8221;3992&#8243; img_size=&#8221;400&#215;400&#8243; alignment=&#8221;center&#8221; style=&#8221;vc_box_rounded&#8221;][\/vc_column][vc_column width=&#8221;3\/4&#8243;][vc_empty_space height=&#8221;10px&#8221;]<div class=\"edgtf-section-title-holder  edgtf-st-standard edgtf-st-title-left edgtf-st-normal-space  \" style=\"text-align: left\">\n\t<div class=\"edgtf-st-inner\">\n\t\t\t\t\t<h2 class=\"edgtf-st-title\" >\n\t\t\t\tAccoppiaggio carta ondulato scoperta !!! news !!!\t\t\t<\/h2>\n\t\t        \t\t\t\t\t<p class=\"edgtf-st-text\" >\n\t\t\t\tNel 2012 Tecnicart acquista la prima accoppiatrice, \u00e8 in grado cos\u00ec di utilizzare la propria carta ondulata e collaborare con i suoi clienti,<br \/>\ngrazie anche alla vicinanza con il famoso polo tifernate di stampatori. <\/br><br \/>\nTecnicart negli anni acquisisce conoscenze tecniche che permettono d\u2019incrementare la qualit\u00e0 della propria carta ondulata, offrendo ai propri clienti la possibilit\u00e0 di ricevere il materiale gi\u00e0 accoppiato. <\/br><br \/>\nIl circuito integrato interno all\u2019azienda e la vicinanza con stampatori di alto livello rende Tecnicart il partner ideale per i tuoi imballaggi. <\/br><br \/>\nA partire dal 2023 Tecnicart sar\u00e0 in grado di fornire fogli accoppiati ai suoi clienti, con una linea completamente nuova, pi\u00f9 performante, che offrir\u00e0 la possibilit\u00e0 di accoppiare formati pi\u00f9 grandi, fino a 160x160cm. <\/br><br \/>\nCon la nuova accoppiatrice sar\u00e0 avviato un progetto di ricerca e sviluppo con l\u2019obiettivo di studiare la chimica dei materiali e la compatibilit\u00e0 tra cartoncino, colla e carta ondulata, al fine di garantire sempre, in ogni condizione, una perfetta planarit\u00e0.<br \/>\n\t\t\t<\/p>\n\t\t\t<\/div>\n<\/div>[vc_empty_space height=&#8221;98px&#8221;][\/vc_column][\/vc_row]<\/p>\n","protected":false},"excerpt":{"rendered":"<p>[vc_row][vc_column width=&#8221;1\/4&#8243;][vc_single_image image=&#8221;3992&#8243; img_size=&#8221;400&#215;400&#8243; alignment=&#8221;center&#8221; style=&#8221;vc_box_rounded&#8221;][\/vc_column][vc_column width=&#8221;3\/4&#8243;][vc_empty_space height=&#8221;10px&#8221;][vc_empty_space height=&#8221;98px&#8221;][\/vc_column][\/vc_row]<\/p>\n","protected":false},"author":2,"featured_media":0,"parent":0,"menu_order":0,"comment_status":"closed","ping_status":"closed","template":"","meta":[],"yoast_head":"<!-- This site is optimized with the Yoast SEO plugin v20.6 - https:\/\/yoast.com\/wordpress\/plugins\/seo\/ -->\n<title>Ondulato accoppiato | TECNICART SRL | Un mondo di possibilit\u00e0<\/title>\n<meta name=\"description\" content=\"Nel 2012 Tecnicart acquista la prima accoppiatrice, \u00e8 in grado cos\u00ec di utilizzare la propria carta ondulata, insieme alle stampe del famoso polo tifernate di stampatori.\" \/>\n<meta name=\"robots\" content=\"index, follow, max-snippet:-1, max-image-preview:large, max-video-preview:-1\" \/>\n<link rel=\"canonical\" href=\"https:\/\/www.tecnicart.it\/?page_id=3294\" \/>\n<meta property=\"og:locale\" content=\"it_IT\" \/>\n<meta property=\"og:type\" content=\"article\" \/>\n<meta property=\"og:title\" content=\"Ondulato accoppiato | TECNICART SRL | Un mondo di possibilit\u00e0\" \/>\n<meta property=\"og:description\" content=\"Nel 2012 Tecnicart acquista la prima accoppiatrice, \u00e8 in grado cos\u00ec di utilizzare la propria carta ondulata, insieme alle stampe del famoso polo tifernate di stampatori.\" \/>\n<meta property=\"og:url\" content=\"https:\/\/www.tecnicart.it\/?page_id=3294\" \/>\n<meta property=\"og:site_name\" content=\"TECNICART SRL | Un mondo di possibilit\u00e0\" \/>\n<meta property=\"article:modified_time\" content=\"2022-10-11T06:52:35+00:00\" \/>\n<meta name=\"twitter:card\" content=\"summary_large_image\" \/>\n<meta name=\"twitter:label1\" content=\"Tempo di lettura stimato\" \/>\n\t<meta name=\"twitter:data1\" content=\"1 minuto\" \/>\n<script type=\"application\/ld+json\" class=\"yoast-schema-graph\">{\"@context\":\"https:\/\/schema.org\",\"@graph\":[{\"@type\":\"WebPage\",\"@id\":\"https:\/\/www.tecnicart.it\/?page_id=3294\",\"url\":\"https:\/\/www.tecnicart.it\/?page_id=3294\",\"name\":\"Ondulato accoppiato | TECNICART SRL | Un mondo di possibilit\u00e0\",\"isPartOf\":{\"@id\":\"https:\/\/www.tecnicart.it\/#website\"},\"datePublished\":\"2018-12-13T09:34:39+00:00\",\"dateModified\":\"2022-10-11T06:52:35+00:00\",\"description\":\"Nel 2012 Tecnicart acquista la prima accoppiatrice, \u00e8 in grado cos\u00ec di utilizzare la propria carta ondulata, insieme alle stampe del famoso polo tifernate di stampatori.\",\"breadcrumb\":{\"@id\":\"https:\/\/www.tecnicart.it\/?page_id=3294#breadcrumb\"},\"inLanguage\":\"it-IT\",\"potentialAction\":[{\"@type\":\"ReadAction\",\"target\":[\"https:\/\/www.tecnicart.it\/?page_id=3294\"]}]},{\"@type\":\"BreadcrumbList\",\"@id\":\"https:\/\/www.tecnicart.it\/?page_id=3294#breadcrumb\",\"itemListElement\":[{\"@type\":\"ListItem\",\"position\":1,\"name\":\"Home\",\"item\":\"https:\/\/www.tecnicart.it\/\"},{\"@type\":\"ListItem\",\"position\":2,\"name\":\"Ondulato accoppiato\"}]},{\"@type\":\"WebSite\",\"@id\":\"https:\/\/www.tecnicart.it\/#website\",\"url\":\"https:\/\/www.tecnicart.it\/\",\"name\":\"TECNICART SRL | Un mondo di possibilit\u00e0\",\"description\":\"Il partner per i tuoi imballaggi dal 1954\",\"potentialAction\":[{\"@type\":\"SearchAction\",\"target\":{\"@type\":\"EntryPoint\",\"urlTemplate\":\"https:\/\/www.tecnicart.it\/?s={search_term_string}\"},\"query-input\":\"required name=search_term_string\"}],\"inLanguage\":\"it-IT\"}]}<\/script>\n<!-- \/ Yoast SEO plugin. -->","yoast_head_json":{"title":"Ondulato accoppiato | TECNICART SRL | Un mondo di possibilit\u00e0","description":"Nel 2012 Tecnicart acquista la prima accoppiatrice, \u00e8 in grado cos\u00ec di utilizzare la propria carta ondulata, insieme alle stampe del famoso polo tifernate di stampatori.","robots":{"index":"index","follow":"follow","max-snippet":"max-snippet:-1","max-image-preview":"max-image-preview:large","max-video-preview":"max-video-preview:-1"},"canonical":"https:\/\/www.tecnicart.it\/?page_id=3294","og_locale":"it_IT","og_type":"article","og_title":"Ondulato accoppiato | TECNICART SRL | Un mondo di possibilit\u00e0","og_description":"Nel 2012 Tecnicart acquista la prima accoppiatrice, \u00e8 in grado cos\u00ec di utilizzare la propria carta ondulata, insieme alle stampe del famoso polo tifernate di stampatori.","og_url":"https:\/\/www.tecnicart.it\/?page_id=3294","og_site_name":"TECNICART SRL | Un mondo di possibilit\u00e0","article_modified_time":"2022-10-11T06:52:35+00:00","twitter_card":"summary_large_image","twitter_misc":{"Tempo di lettura stimato":"1 minuto"},"schema":{"@context":"https:\/\/schema.org","@graph":[{"@type":"WebPage","@id":"https:\/\/www.tecnicart.it\/?page_id=3294","url":"https:\/\/www.tecnicart.it\/?page_id=3294","name":"Ondulato accoppiato | TECNICART SRL | Un mondo di possibilit\u00e0","isPartOf":{"@id":"https:\/\/www.tecnicart.it\/#website"},"datePublished":"2018-12-13T09:34:39+00:00","dateModified":"2022-10-11T06:52:35+00:00","description":"Nel 2012 Tecnicart acquista la prima accoppiatrice, \u00e8 in grado cos\u00ec di utilizzare la propria carta ondulata, insieme alle stampe del famoso polo tifernate di stampatori.","breadcrumb":{"@id":"https:\/\/www.tecnicart.it\/?page_id=3294#breadcrumb"},"inLanguage":"it-IT","potentialAction":[{"@type":"ReadAction","target":["https:\/\/www.tecnicart.it\/?page_id=3294"]}]},{"@type":"BreadcrumbList","@id":"https:\/\/www.tecnicart.it\/?page_id=3294#breadcrumb","itemListElement":[{"@type":"ListItem","position":1,"name":"Home","item":"https:\/\/www.tecnicart.it\/"},{"@type":"ListItem","position":2,"name":"Ondulato accoppiato"}]},{"@type":"WebSite","@id":"https:\/\/www.tecnicart.it\/#website","url":"https:\/\/www.tecnicart.it\/","name":"TECNICART SRL | Un mondo di possibilit\u00e0","description":"Il partner per i tuoi imballaggi dal 1954","potentialAction":[{"@type":"SearchAction","target":{"@type":"EntryPoint","urlTemplate":"https:\/\/www.tecnicart.it\/?s={search_term_string}"},"query-input":"required name=search_term_string"}],"inLanguage":"it-IT"}]}},"_links":{"self":[{"href":"https:\/\/www.tecnicart.it\/index.php?rest_route=\/wp\/v2\/pages\/3294"}],"collection":[{"href":"https:\/\/www.tecnicart.it\/index.php?rest_route=\/wp\/v2\/pages"}],"about":[{"href":"https:\/\/www.tecnicart.it\/index.php?rest_route=\/wp\/v2\/types\/page"}],"author":[{"embeddable":true,"href":"https:\/\/www.tecnicart.it\/index.php?rest_route=\/wp\/v2\/users\/2"}],"replies":[{"embeddable":true,"href":"https:\/\/www.tecnicart.it\/index.php?rest_route=%2Fwp%2Fv2%2Fcomments&post=3294"}],"version-history":[{"count":57,"href":"https:\/\/www.tecnicart.it\/index.php?rest_route=\/wp\/v2\/pages\/3294\/revisions"}],"predecessor-version":[{"id":3994,"href":"https:\/\/www.tecnicart.it\/index.php?rest_route=\/wp\/v2\/pages\/3294\/revisions\/3994"}],"wp:attachment":[{"href":"https:\/\/www.tecnicart.it\/index.php?rest_route=%2Fwp%2Fv2%2Fmedia&parent=3294"}],"curies":[{"name":"wp","href":"https:\/\/api.w.org\/{rel}","templated":true}]}}