    {"id":1267,"date":"2018-03-30T09:26:42","date_gmt":"2018-03-30T09:26:42","guid":{"rendered":"http:\/\/kvell.edge-themes.com\/?page_id=1267"},"modified":"2025-12-11T10:41:32","modified_gmt":"2025-12-11T09:41:32","slug":"buttons","status":"publish","type":"page","link":"https:\/\/www.tecnicart.it\/?page_id=1267","title":{"rendered":"Certificazioni"},"content":{"rendered":"<p>[vc_row full_width=&#8221;stretch_row_content&#8221; css=&#8221;.vc_custom_1557220105482{padding-bottom: 100px !important;}&#8221;][vc_column width=&#8221;1\/3&#8243;]<div class=\"edgtf-elements-holder   edgtf-one-column  edgtf-responsive-mode-768 \" ><div class=\"edgtf-eh-item     \"  data-item-class=\"edgtf-eh-custom-4085\" data-680=\"0px 0% 50px\">\n\t<div class=\"edgtf-eh-item-inner\">\n\t\t<div class=\"edgtf-eh-item-content edgtf-eh-custom-4085\" >\n\t\t\t[vc_column_text]<\/p>\n<h3><sup>FSC \u00ae<\/sup><\/h3>\n<p>Forniamo prodotti FSC <sup>\u00ae<\/sup> su specifica richiesta del cliente.<\/p>\n<p><a href=\"_wp_link_placeholder\" data-wplink-edit=\"true\">Codice di licenza: <span class=\"text-neutral-100 font-greycliff text-body-xs capitalize\" role=\"none\" data-test-id=\"certificate-header-license\">FSC-C186570<\/span>[\/vc_column_text][vc_empty_space height=&#8221;116px&#8221;]<a itemprop=\"url\" href=\"https:\/\/www.tecnicart.it\/wp-content\/uploads\/2021\/03\/Tecnicart-S.u.r.l.-FSC-2020-01-1.pdf\" target=\"_blank\" style=\"background-color: #000000\" class=\"edgtf-btn edgtf-btn-medium edgtf-btn-solid edgtf-btn-custom-hover-bg edgtf-dir-aware-hover\" data-hover-bg-color=\"#00b996\" >\n    <span class=\"edgtf-btn-text\">Scarica il certificato<\/span>\n        \t    <span class=\"edgtf-button-overlay-holder\">\n\t    \t<span class=\"edgtf-button-overlay\"><\/span>\n\t    <\/span>\n    <\/a>\t\t<\/div>\n\t<\/div>\n<\/div><\/div>[\/vc_column][vc_column width=&#8221;1\/3&#8243;]<div class=\"edgtf-elements-holder   edgtf-one-column  edgtf-responsive-mode-768 \" ><div class=\"edgtf-eh-item     \"  data-item-class=\"edgtf-eh-custom-3686\" data-680=\"0px 0% 50px\">\n\t<div class=\"edgtf-eh-item-inner\">\n\t\t<div class=\"edgtf-eh-item-content edgtf-eh-custom-3686\" >\n\t\t\t[vc_column_text]<\/a><\/p>\n<h3>FSSC 22000<\/h3>\n<p><strong>Certificazione del sistema di gestione della sicurezza alimentare\u00a0<\/strong>richiesto dai grandi brands internazionali ai fornitori di\u00a0<strong>imballaggi per alimenti<\/strong>.<br \/>\nFSSC 22000 \u00e8 uno dei\u00a0 quattro schemi attualmente riconosciuti dalla Global Food Safety Initiative (GFSI).<br \/>\nLo schema rappresenta per Tecnicart uno strumento avanzato di gestione della sicurezza alimentare e dei materiali destinati al contatto con gli alimenti<br \/>\nin quanto unisce l\u2019approccio specifico dei sistemi di gestione, la metodologia HACCP e dettagliate guidelines per i PRP,<br \/>\ndando origine ad uno standard completo per quanto riguarda aspetti tecnici e non solo gestionali.[\/vc_column_text][vc_empty_space height=&#8221;58px&#8221;]<a itemprop=\"url\" href=\"https:\/\/www.tecnicart.it\/wp-content\/uploads\/2022\/02\/TECNICART_CertificatePrint.pdf\" target=\"_blank\" style=\"background-color: #000000\" class=\"edgtf-btn edgtf-btn-medium edgtf-btn-solid edgtf-btn-custom-hover-bg edgtf-dir-aware-hover\" data-hover-bg-color=\"#00b996\" >\n    <span class=\"edgtf-btn-text\">Scarica il certificato<\/span>\n        \t    <span class=\"edgtf-button-overlay-holder\">\n\t    \t<span class=\"edgtf-button-overlay\"><\/span>\n\t    <\/span>\n    <\/a>\t\t<\/div>\n\t<\/div>\n<\/div><\/div>[\/vc_column][vc_column width=&#8221;1\/3&#8243;]<div class=\"edgtf-elements-holder   edgtf-one-column  edgtf-responsive-mode-768 \" ><div class=\"edgtf-eh-item     \"  data-item-class=\"edgtf-eh-custom-3399\">\n\t<div class=\"edgtf-eh-item-inner\">\n\t\t<div class=\"edgtf-eh-item-content edgtf-eh-custom-3399\" >\n\t\t\t[vc_column_text]<\/p>\n<h3>uni en iso 9001:2015<\/h3>\n<p>Il Sistema di Gestione per la Qualit\u00e0 ISO 9001 \u00e8 il pi\u00f9 famoso standard per il miglioramento della qualit\u00e0, che oggi conta, considerando 180 paesi, oltre un milione di organizzazioni certificate.[\/vc_column_text][vc_empty_space]<a itemprop=\"url\" href=\"https:\/\/www.tecnicart.it\/wp-content\/uploads\/2020\/07\/Tecnicart-S.r.l.-QMS-2020-01-1.pdf\" target=\"_blank\" style=\"background-color: #000000\" class=\"edgtf-btn edgtf-btn-medium edgtf-btn-solid edgtf-btn-custom-hover-bg edgtf-dir-aware-hover\" data-hover-bg-color=\"#00b996\" >\n    <span class=\"edgtf-btn-text\">Scarica il certificato<\/span>\n        \t    <span class=\"edgtf-button-overlay-holder\">\n\t    \t<span class=\"edgtf-button-overlay\"><\/span>\n\t    <\/span>\n    <\/a>\t\t<\/div>\n\t<\/div>\n<\/div><\/div>[\/vc_column][\/vc_row][vc_row full_width=&#8221;stretch_row_content&#8221;][vc_column width=&#8221;1\/3&#8243;]<div class=\"edgtf-elements-holder   edgtf-one-column  edgtf-responsive-mode-768 \" ><div class=\"edgtf-eh-item     \"  data-item-class=\"edgtf-eh-custom-2625\">\n\t<div class=\"edgtf-eh-item-inner\">\n\t\t<div class=\"edgtf-eh-item-content edgtf-eh-custom-2625\" >\n\t\t\t[vc_column_text]<\/p>\n<h3>politica aziendale<\/h3>\n<p>\u201cMigliorare la qualit\u00e0 dei nostri prodotti, incrementare l\u2019efficienza in ogni fase assicurando livelli di igiene e sicurezza sempre pi\u00f9 elevati per offrire ai nostri clienti imballaggi funzionali, ben progettati e competitivi, nel rispetto di ogni individuo che dedica impegno a questa missione, nel rispetto dell\u2019ambiente, per un crescita culturale, sociale e sostenibile.\u201d[\/vc_column_text][vc_empty_space height=&#8221;60px&#8221;]<a itemprop=\"url\" href=\"https:\/\/www.tecnicart.it\/wp-content\/uploads\/2021\/10\/PRO-SU-01-Politica-aziendale-rev.-16-1.pdf\" target=\"_blank\" style=\"background-color: #000000\" class=\"edgtf-btn edgtf-btn-medium edgtf-btn-solid edgtf-btn-custom-hover-bg edgtf-dir-aware-hover\" data-hover-bg-color=\"#00b996\" >\n    <span class=\"edgtf-btn-text\">Leggi qui la nostra politica<\/span>\n        \t    <span class=\"edgtf-button-overlay-holder\">\n\t    \t<span class=\"edgtf-button-overlay\"><\/span>\n\t    <\/span>\n    <\/a>[vc_empty_space]\t\t<\/div>\n\t<\/div>\n<\/div><\/div>[\/vc_column][vc_column width=&#8221;1\/3&#8243;]<div class=\"edgtf-elements-holder   edgtf-one-column  edgtf-responsive-mode-768 \" ><div class=\"edgtf-eh-item     \"  data-item-class=\"edgtf-eh-custom-6885\">\n\t<div class=\"edgtf-eh-item-inner\">\n\t\t<div class=\"edgtf-eh-item-content edgtf-eh-custom-6885\" >\n\t\t\t[vc_column_text]<\/p>\n<h3><b>UNI EN ISO \u00a014001<\/b><\/h3>\n<p style=\"font-weight: 400;\">Il Sistema Di Gestione Ambientale (SGA) dettato da questa norma, \u00e8 uno strumento gestionale che garantisce la supervisione e il controllo di tutti gli aspetti ambientali di un\u2019impresa, favorendo la pianificazione di interventi ed investimenti mirati.<\/p>\n<p>[\/vc_column_text][vc_empty_space height=&#8221;80px&#8221;]<a itemprop=\"url\" href=\"https:\/\/www.tecnicart.it\/wp-content\/uploads\/2020\/07\/Tecnicart-S.r.l.-EMS-2020-01.pdf\" target=\"_blank\" style=\"background-color: #000000\" class=\"edgtf-btn edgtf-btn-medium edgtf-btn-solid edgtf-btn-custom-hover-bg edgtf-dir-aware-hover\" data-hover-bg-color=\"#00b996\" >\n    <span class=\"edgtf-btn-text\">Scarica certificato<\/span>\n        \t    <span class=\"edgtf-button-overlay-holder\">\n\t    \t<span class=\"edgtf-button-overlay\"><\/span>\n\t    <\/span>\n    <\/a>[vc_empty_space]\t\t<\/div>\n\t<\/div>\n<\/div><\/div>[\/vc_column][vc_column width=&#8221;1\/3&#8243;][\/vc_column][\/vc_row]<\/p>\n","protected":false},"excerpt":{"rendered":"<p>[vc_row full_width=&#8221;stretch_row_content&#8221; css=&#8221;.vc_custom_1557220105482{padding-bottom: 100px !important;}&#8221;][vc_column width=&#8221;1\/3&#8243;][\/vc_column][vc_column width=&#8221;1\/3&#8243;][\/vc_column][vc_column width=&#8221;1\/3&#8243;][\/vc_column][\/vc_row][vc_row full_width=&#8221;stretch_row_content&#8221;][vc_column width=&#8221;1\/3&#8243;][\/vc_column][vc_column width=&#8221;1\/3&#8243;][\/vc_column][vc_column width=&#8221;1\/3&#8243;][\/vc_column][\/vc_row]<\/p>\n","protected":false},"author":1,"featured_media":0,"parent":0,"menu_order":0,"comment_status":"closed","ping_status":"closed","template":"full-width.php","meta":[],"yoast_head":"<!-- This site is optimized with the Yoast SEO plugin v20.6 - https:\/\/yoast.com\/wordpress\/plugins\/seo\/ -->\n<title>Certificazioni | TECNICART SRL | Un mondo di possibilit\u00e0<\/title>\n<meta name=\"description\" content=\"Consulta i nostri certificati in corso di validit\u00e0 relativI alle norme UNI EN ISO 9001 E 14001, FSSC22000 e FSC. Disponibile la nostra Politica Aziendale.\" \/>\n<meta name=\"robots\" content=\"index, follow, max-snippet:-1, max-image-preview:large, max-video-preview:-1\" \/>\n<link rel=\"canonical\" href=\"https:\/\/www.tecnicart.it\/?page_id=1267\" \/>\n<meta property=\"og:locale\" content=\"it_IT\" \/>\n<meta property=\"og:type\" content=\"article\" \/>\n<meta property=\"og:title\" content=\"Certificazioni | TECNICART SRL | Un mondo di possibilit\u00e0\" \/>\n<meta property=\"og:description\" content=\"Consulta i nostri certificati in corso di validit\u00e0 relativI alle norme UNI EN ISO 9001 E 14001, FSSC22000 e FSC. Disponibile la nostra Politica Aziendale.\" \/>\n<meta property=\"og:url\" content=\"https:\/\/www.tecnicart.it\/?page_id=1267\" \/>\n<meta property=\"og:site_name\" content=\"TECNICART SRL | Un mondo di possibilit\u00e0\" \/>\n<meta property=\"article:modified_time\" content=\"2025-12-11T09:41:32+00:00\" \/>\n<meta name=\"twitter:card\" content=\"summary_large_image\" \/>\n<meta name=\"twitter:label1\" content=\"Tempo di lettura stimato\" \/>\n\t<meta name=\"twitter:data1\" content=\"2 minuti\" \/>\n<script type=\"application\/ld+json\" class=\"yoast-schema-graph\">{\"@context\":\"https:\/\/schema.org\",\"@graph\":[{\"@type\":\"WebPage\",\"@id\":\"https:\/\/www.tecnicart.it\/?page_id=1267\",\"url\":\"https:\/\/www.tecnicart.it\/?page_id=1267\",\"name\":\"Certificazioni | TECNICART SRL | Un mondo di possibilit\u00e0\",\"isPartOf\":{\"@id\":\"https:\/\/www.tecnicart.it\/#website\"},\"datePublished\":\"2018-03-30T09:26:42+00:00\",\"dateModified\":\"2025-12-11T09:41:32+00:00\",\"description\":\"Consulta i nostri certificati in corso di validit\u00e0 relativI alle norme UNI EN ISO 9001 E 14001, FSSC22000 e FSC. Disponibile la nostra Politica Aziendale.\",\"breadcrumb\":{\"@id\":\"https:\/\/www.tecnicart.it\/?page_id=1267#breadcrumb\"},\"inLanguage\":\"it-IT\",\"potentialAction\":[{\"@type\":\"ReadAction\",\"target\":[\"https:\/\/www.tecnicart.it\/?page_id=1267\"]}]},{\"@type\":\"BreadcrumbList\",\"@id\":\"https:\/\/www.tecnicart.it\/?page_id=1267#breadcrumb\",\"itemListElement\":[{\"@type\":\"ListItem\",\"position\":1,\"name\":\"Home\",\"item\":\"https:\/\/www.tecnicart.it\/\"},{\"@type\":\"ListItem\",\"position\":2,\"name\":\"Certificazioni\"}]},{\"@type\":\"WebSite\",\"@id\":\"https:\/\/www.tecnicart.it\/#website\",\"url\":\"https:\/\/www.tecnicart.it\/\",\"name\":\"TECNICART SRL | Un mondo di possibilit\u00e0\",\"description\":\"Il partner per i tuoi imballaggi dal 1954\",\"potentialAction\":[{\"@type\":\"SearchAction\",\"target\":{\"@type\":\"EntryPoint\",\"urlTemplate\":\"https:\/\/www.tecnicart.it\/?s={search_term_string}\"},\"query-input\":\"required name=search_term_string\"}],\"inLanguage\":\"it-IT\"}]}<\/script>\n<!-- \/ Yoast SEO plugin. -->","yoast_head_json":{"title":"Certificazioni | TECNICART SRL | Un mondo di possibilit\u00e0","description":"Consulta i nostri certificati in corso di validit\u00e0 relativI alle norme UNI EN ISO 9001 E 14001, FSSC22000 e FSC. Disponibile la nostra Politica Aziendale.","robots":{"index":"index","follow":"follow","max-snippet":"max-snippet:-1","max-image-preview":"max-image-preview:large","max-video-preview":"max-video-preview:-1"},"canonical":"https:\/\/www.tecnicart.it\/?page_id=1267","og_locale":"it_IT","og_type":"article","og_title":"Certificazioni | TECNICART SRL | Un mondo di possibilit\u00e0","og_description":"Consulta i nostri certificati in corso di validit\u00e0 relativI alle norme UNI EN ISO 9001 E 14001, FSSC22000 e FSC. Disponibile la nostra Politica Aziendale.","og_url":"https:\/\/www.tecnicart.it\/?page_id=1267","og_site_name":"TECNICART SRL | Un mondo di possibilit\u00e0","article_modified_time":"2025-12-11T09:41:32+00:00","twitter_card":"summary_large_image","twitter_misc":{"Tempo di lettura stimato":"2 minuti"},"schema":{"@context":"https:\/\/schema.org","@graph":[{"@type":"WebPage","@id":"https:\/\/www.tecnicart.it\/?page_id=1267","url":"https:\/\/www.tecnicart.it\/?page_id=1267","name":"Certificazioni | TECNICART SRL | Un mondo di possibilit\u00e0","isPartOf":{"@id":"https:\/\/www.tecnicart.it\/#website"},"datePublished":"2018-03-30T09:26:42+00:00","dateModified":"2025-12-11T09:41:32+00:00","description":"Consulta i nostri certificati in corso di validit\u00e0 relativI alle norme UNI EN ISO 9001 E 14001, FSSC22000 e FSC. Disponibile la nostra Politica Aziendale.","breadcrumb":{"@id":"https:\/\/www.tecnicart.it\/?page_id=1267#breadcrumb"},"inLanguage":"it-IT","potentialAction":[{"@type":"ReadAction","target":["https:\/\/www.tecnicart.it\/?page_id=1267"]}]},{"@type":"BreadcrumbList","@id":"https:\/\/www.tecnicart.it\/?page_id=1267#breadcrumb","itemListElement":[{"@type":"ListItem","position":1,"name":"Home","item":"https:\/\/www.tecnicart.it\/"},{"@type":"ListItem","position":2,"name":"Certificazioni"}]},{"@type":"WebSite","@id":"https:\/\/www.tecnicart.it\/#website","url":"https:\/\/www.tecnicart.it\/","name":"TECNICART SRL | Un mondo di possibilit\u00e0","description":"Il partner per i tuoi imballaggi dal 1954","potentialAction":[{"@type":"SearchAction","target":{"@type":"EntryPoint","urlTemplate":"https:\/\/www.tecnicart.it\/?s={search_term_string}"},"query-input":"required name=search_term_string"}],"inLanguage":"it-IT"}]}},"_links":{"self":[{"href":"https:\/\/www.tecnicart.it\/index.php?rest_route=\/wp\/v2\/pages\/1267"}],"collection":[{"href":"https:\/\/www.tecnicart.it\/index.php?rest_route=\/wp\/v2\/pages"}],"about":[{"href":"https:\/\/www.tecnicart.it\/index.php?rest_route=\/wp\/v2\/types\/page"}],"author":[{"embeddable":true,"href":"https:\/\/www.tecnicart.it\/index.php?rest_route=\/wp\/v2\/users\/1"}],"replies":[{"embeddable":true,"href":"https:\/\/www.tecnicart.it\/index.php?rest_route=%2Fwp%2Fv2%2Fcomments&post=1267"}],"version-history":[{"count":59,"href":"https:\/\/www.tecnicart.it\/index.php?rest_route=\/wp\/v2\/pages\/1267\/revisions"}],"predecessor-version":[{"id":4183,"href":"https:\/\/www.tecnicart.it\/index.php?rest_route=\/wp\/v2\/pages\/1267\/revisions\/4183"}],"wp:attachment":[{"href":"https:\/\/www.tecnicart.it\/index.php?rest_route=%2Fwp%2Fv2%2Fmedia&parent=1267"}],"curies":[{"name":"wp","href":"https:\/\/api.w.org\/{rel}","templated":true}]}}